{"id":7952,"date":"2020-03-30T11:02:08","date_gmt":"2020-03-30T09:02:08","guid":{"rendered":"https:\/\/james-mac.com\/?page_id=7952"},"modified":"2020-08-18T17:55:45","modified_gmt":"2020-08-18T15:55:45","slug":"kontaktformular-danke","status":"publish","type":"page","link":"https:\/\/james-mac.com\/en\/kontaktformular-danke\/","title":{"rendered":"Kontaktformular Danke"},"content":{"rendered":"<div data-elementor-type=\"wp-page\" data-elementor-id=\"7952\" class=\"elementor elementor-7952\" data-elementor-post-type=\"page\">\n\t\t\t\t\t\t<section data-particle_enable=\"false\" data-particle-mobile-disabled=\"false\" class=\"elementor-section elementor-top-section elementor-element elementor-element-cccf38f elementor-section-boxed elementor-section-height-default elementor-section-height-default\" data-id=\"cccf38f\" data-element_type=\"section\" data-e-type=\"section\">\n\t\t\t\t\t\t<div class=\"elementor-container elementor-column-gap-default\">\n\t\t\t\t\t<div class=\"elementor-column elementor-col-100 elementor-top-column elementor-element elementor-element-cf6a75f\" data-id=\"cf6a75f\" data-element_type=\"column\" data-e-type=\"column\">\n\t\t\t<div class=\"elementor-widget-wrap elementor-element-populated\">\n\t\t\t\t\r\n\t\t\t<\/div>\n\t\t<\/div>\n\t\t\t\t\t<\/div>\n\t\t<\/section>\n\t\t\t\t<section data-particle_enable=\"false\" data-particle-mobile-disabled=\"false\" class=\"elementor-section elementor-top-section elementor-element elementor-element-a6b49aa elementor-section-boxed elementor-section-height-default elementor-section-height-default\" data-id=\"a6b49aa\" data-element_type=\"section\" data-e-type=\"section\">\n\t\t\t\t\t\t<div class=\"elementor-container elementor-column-gap-default\">\n\t\t\t\t\t<div class=\"elementor-column elementor-col-100 elementor-top-column elementor-element elementor-element-887aa6a\" data-id=\"887aa6a\" data-element_type=\"column\" data-e-type=\"column\">\n\t\t\t<div class=\"elementor-widget-wrap elementor-element-populated\">\n\t\t\t\t\t\t<div class=\"elementor-element elementor-element-591190e elementor-widget elementor-widget-spacer\" data-id=\"591190e\" data-element_type=\"widget\" data-e-type=\"widget\" data-widget_type=\"spacer.default\">\n\t\t\t\t<div class=\"elementor-widget-container\">\n\t\t\t\t\t\t\t<div class=\"elementor-spacer\">\n\t\t\t<div class=\"elementor-spacer-inner\"><\/div>\n\t\t<\/div>\n\t\t\t\t\t\t<\/div>\n\t\t\t\t<\/div>\n\t\t\t\t\t<\/div>\n\t\t<\/div>\n\t\t\t\t\t<\/div>\n\t\t<\/section>\n\t\t\t\t<section data-particle_enable=\"false\" data-particle-mobile-disabled=\"false\" class=\"elementor-section elementor-top-section elementor-element elementor-element-21a567e elementor-section-boxed elementor-section-height-default elementor-section-height-default\" data-id=\"21a567e\" data-element_type=\"section\" data-e-type=\"section\">\n\t\t\t\t\t\t<div class=\"elementor-container elementor-column-gap-default\">\n\t\t\t\t\t<div class=\"elementor-column elementor-col-100 elementor-top-column elementor-element elementor-element-7ff9b20\" data-id=\"7ff9b20\" data-element_type=\"column\" data-e-type=\"column\">\n\t\t\t<div class=\"elementor-widget-wrap elementor-element-populated\">\n\t\t\t\t\t\t<div class=\"elementor-element elementor-element-8a6caa3 elementor-widget elementor-widget-heading\" data-id=\"8a6caa3\" data-element_type=\"widget\" data-e-type=\"widget\" data-widget_type=\"heading.default\">\n\t\t\t\t<div class=\"elementor-widget-container\">\n\t\t\t\t\t<h1 class=\"elementor-heading-title elementor-size-default\">Thanks for contacting us!<br>We will get back to you as soon as possible.<\/h1>\t\t\t\t<\/div>\n\t\t\t\t<\/div>\n\t\t\t\t\t<\/div>\n\t\t<\/div>\n\t\t\t\t\t<\/div>\n\t\t<\/section>\n\t\t\t\t<section data-particle_enable=\"false\" data-particle-mobile-disabled=\"false\" class=\"elementor-section elementor-top-section elementor-element elementor-element-d089045 elementor-section-boxed elementor-section-height-default elementor-section-height-default\" data-id=\"d089045\" data-element_type=\"section\" data-e-type=\"section\">\n\t\t\t\t\t\t<div class=\"elementor-container elementor-column-gap-default\">\n\t\t\t\t\t<div class=\"elementor-column elementor-col-33 elementor-top-column elementor-element elementor-element-e619f6c elementor-hidden-phone\" data-id=\"e619f6c\" data-element_type=\"column\" data-e-type=\"column\">\n\t\t\t<div class=\"elementor-widget-wrap elementor-element-populated\">\n\t\t\t\t\t\t<div class=\"elementor-element elementor-element-a20aa32 elementor-widget-divider--view-line elementor-widget elementor-widget-divider\" data-id=\"a20aa32\" data-element_type=\"widget\" data-e-type=\"widget\" data-widget_type=\"divider.default\">\n\t\t\t\t<div class=\"elementor-widget-container\">\n\t\t\t\t\t\t\t<div class=\"elementor-divider\">\n\t\t\t<span class=\"elementor-divider-separator\">\n\t\t\t\t\t\t<\/span>\n\t\t<\/div>\n\t\t\t\t\t\t<\/div>\n\t\t\t\t<\/div>\n\t\t\t\t\t<\/div>\n\t\t<\/div>\n\t\t\t\t<div class=\"elementor-column elementor-col-33 elementor-top-column elementor-element elementor-element-f3e7e56\" data-id=\"f3e7e56\" data-element_type=\"column\" data-e-type=\"column\">\n\t\t\t<div class=\"elementor-widget-wrap elementor-element-populated\">\n\t\t\t\t\t\t<div class=\"elementor-element elementor-element-e345a96 elementor-view-default elementor-widget elementor-widget-icon\" data-id=\"e345a96\" data-element_type=\"widget\" data-e-type=\"widget\" data-widget_type=\"icon.default\">\n\t\t\t\t<div class=\"elementor-widget-container\">\n\t\t\t\t\t\t\t<div class=\"elementor-icon-wrapper\">\n\t\t\t<div class=\"elementor-icon\">\n\t\t\t<svg xmlns=\"http:\/\/www.w3.org\/2000\/svg\" xmlns:xlink=\"http:\/\/www.w3.org\/1999\/xlink\" xmlns:serif=\"http:\/\/www.serif.com\/\" width=\"100%\" height=\"100%\" viewbox=\"0 0 152 52\" xml:space=\"preserve\" style=\"fill-rule:evenodd;clip-rule:evenodd;stroke-linejoin:round;stroke-miterlimit:2;\">    <g transform=\"matrix(1,0,0,1,-236.22,-1474.09)\">        <g transform=\"matrix(8.33333,0,0,8.33333,387.54,1515.45)\">            <path d=\"M0,-3.709C-2.161,-3.115 -3.041,-2.62 -3.397,-2.333C-3.713,-2.378 -4.056,-2.416 -4.413,-2.448C-4.235,-3.584 -3.787,-4.263 -3.787,-4.263C-4.446,-3.708 -4.763,-3.089 -4.879,-2.486C-5.406,-2.531 -5.907,-2.564 -6.38,-2.585C-6.199,-4.033 -5.622,-4.907 -5.622,-4.907C-6.475,-4.188 -6.835,-3.377 -6.928,-2.604C-7.257,-2.613 -7.577,-2.619 -7.877,-2.619C-7.943,-2.62 -8.004,-2.621 -8.065,-2.622C-8.08,-3.312 -8.15,-4.096 -8.316,-4.964C-8.316,-4.964 -8.791,-4.262 -8.824,-2.603C-9.187,-2.591 -9.523,-2.573 -9.833,-2.551C-9.903,-3.333 -10.246,-4.159 -11.114,-4.887C-11.114,-4.887 -10.518,-3.988 -10.359,-2.507C-10.68,-2.477 -10.965,-2.443 -11.211,-2.408L-11.209,-2.417C-11.383,-2.393 -11.571,-2.363 -11.766,-2.33C-11.921,-2.982 -12.318,-3.639 -13.186,-4.101C-13.186,-4.101 -12.534,-3.457 -12.176,-2.258C-12.697,-2.161 -13.247,-2.047 -13.744,-1.939C-14.285,-4.053 -15.343,-4.694 -15.343,-4.694C-17.35,-2.927 -17.964,-1.539 -18.147,-0.766C-18.175,-0.601 -18.177,-0.282 -17.844,-0.064C-17.689,0.024 -17.494,0.129 -17.268,0.241C-17.201,0.273 -17.132,0.307 -17.06,0.34C-16.877,0.414 -16.584,0.503 -16.222,0.508C-15.974,0.506 -15.645,0.484 -15.236,0.413C-15.236,0.413 -15.19,0.424 -15.53,0.582C-15.56,0.596 -15.593,0.611 -15.629,0.627C-15.676,0.652 -15.729,0.685 -15.762,0.722C-15.762,0.722 -15.774,0.738 -15.776,0.762C-15.776,0.766 -15.775,0.777 -15.77,0.79C-15.764,0.804 -15.746,0.834 -15.709,0.856C-15.707,0.858 -15.705,0.859 -15.703,0.86L-15.702,0.861C-15.693,0.866 -15.685,0.871 -15.679,0.873C-15.649,0.886 -15.606,0.903 -15.564,0.916C-15.268,1.005 -14.959,1.082 -14.64,1.14C-13.939,1.238 -13.44,1.255 -13.44,1.255C-13.407,0.17 -13.492,-0.73 -13.64,-1.474C-13.193,-1.591 -12.665,-1.712 -12.064,-1.821C-11.957,-1.31 -11.909,-0.719 -11.976,-0.049C-11.976,-0.049 -11.61,-0.905 -11.695,-1.885C-11.27,-1.954 -10.814,-2.017 -10.327,-2.068C-10.297,-1.334 -10.38,-0.484 -10.679,0.454C-10.679,0.454 -9.862,-0.707 -9.82,-2.115C-9.499,-2.142 -9.166,-2.163 -8.822,-2.178C-8.804,-1.439 -8.7,-0.539 -8.448,0.541C-8.448,0.541 -8.081,-0.472 -8.061,-2.2C-7.702,-2.204 -7.332,-2.2 -6.952,-2.188C-6.959,-0.674 -6.058,0.6 -6.058,0.6C-6.392,-0.438 -6.468,-1.373 -6.418,-2.165C-5.937,-2.14 -5.44,-2.1 -4.93,-2.044C-4.988,-0.686 -4.162,0.482 -4.162,0.482C-4.462,-0.451 -4.521,-1.288 -4.466,-1.989C-4.136,-1.947 -3.798,-1.895 -3.457,-1.838C-2.07,-0.075 -1.152,0.597 -0.908,0.758C0.241,-1.153 0.105,-3.021 0,-3.709M-15.447,-1.576C-15.838,-1.497 -16.219,-1.749 -16.298,-2.14C-16.377,-2.531 -16.125,-2.912 -15.734,-2.992C-15.343,-3.071 -14.961,-2.818 -14.882,-2.427C-14.803,-2.036 -15.056,-1.655 -15.447,-1.576M-15.301,-2.175C-15.346,-2.395 -15.561,-2.538 -15.782,-2.493C-16.002,-2.448 -16.145,-2.233 -16.1,-2.012C-16.056,-1.792 -15.84,-1.649 -15.62,-1.694C-15.399,-1.739 -15.256,-1.954 -15.301,-2.175\" style=\"fill:rgb(103,103,103);fill-rule:nonzero;\"><\/path>        <\/g>    <\/g><\/svg>\t\t\t<\/div>\n\t\t<\/div>\n\t\t\t\t\t\t<\/div>\n\t\t\t\t<\/div>\n\t\t\t\t\t<\/div>\n\t\t<\/div>\n\t\t\t\t<div class=\"elementor-column elementor-col-33 elementor-top-column elementor-element elementor-element-7a40bcd elementor-hidden-phone\" data-id=\"7a40bcd\" data-element_type=\"column\" data-e-type=\"column\">\n\t\t\t<div class=\"elementor-widget-wrap elementor-element-populated\">\n\t\t\t\t\t\t<div class=\"elementor-element elementor-element-f8b3fac elementor-widget-divider--view-line elementor-widget elementor-widget-divider\" data-id=\"f8b3fac\" data-element_type=\"widget\" data-e-type=\"widget\" data-widget_type=\"divider.default\">\n\t\t\t\t<div class=\"elementor-widget-container\">\n\t\t\t\t\t\t\t<div class=\"elementor-divider\">\n\t\t\t<span class=\"elementor-divider-separator\">\n\t\t\t\t\t\t<\/span>\n\t\t<\/div>\n\t\t\t\t\t\t<\/div>\n\t\t\t\t<\/div>\n\t\t\t\t\t<\/div>\n\t\t<\/div>\n\t\t\t\t\t<\/div>\n\t\t<\/section>\n\t\t\t\t<\/div>","protected":false},"excerpt":{"rendered":"<p>Danke, dass du uns kontaktiert hast!Wir melden uns zeitnah bei dir.<\/p>","protected":false},"author":1,"featured_media":8482,"parent":0,"menu_order":0,"comment_status":"closed","ping_status":"closed","template":"","meta":{"footnotes":""},"class_list":["post-7952","page","type-page","status-publish","has-post-thumbnail","hentry","post-has-thumbnail"],"yoast_head":"<!-- This site is optimized with the Yoast SEO plugin v27.4 - https:\/\/yoast.com\/product\/yoast-seo-wordpress\/ -->\n<title>Kontaktformular Danke - James &amp; Mac Diving Center<\/title>\n<meta name=\"description\" content=\"Danke, dass du uns kontaktiert hast! Wir melden uns zeitnah bei dir! Bis dahin w\u00fcnschen wir dir einen sch\u00f6nen Tag und senden Gr\u00fc\u00dfe aus der Sonne!\" \/>\n<meta name=\"robots\" content=\"index, follow, max-snippet:-1, max-image-preview:large, max-video-preview:-1\" \/>\n<link rel=\"canonical\" href=\"https:\/\/james-mac.com\/en\/kontaktformular-danke\/\" \/>\n<meta property=\"og:locale\" content=\"en_GB\" \/>\n<meta property=\"og:type\" content=\"article\" \/>\n<meta property=\"og:title\" content=\"Kontaktformular Danke - James &amp; Mac Diving Center\" \/>\n<meta property=\"og:description\" content=\"Danke, dass du uns kontaktiert hast! Wir melden uns zeitnah bei dir! Bis dahin w\u00fcnschen wir dir einen sch\u00f6nen Tag und senden Gr\u00fc\u00dfe aus der Sonne!\" \/>\n<meta property=\"og:url\" content=\"https:\/\/james-mac.com\/en\/kontaktformular-danke\/\" \/>\n<meta property=\"og:site_name\" content=\"James &amp; Mac Diving Center\" \/>\n<meta property=\"article:publisher\" content=\"https:\/\/www.facebook.com\/jamesandmac\/\" \/>\n<meta property=\"article:modified_time\" content=\"2020-08-18T15:55:45+00:00\" \/>\n<meta property=\"og:image\" content=\"https:\/\/james-mac.com\/wp-content\/uploads\/2020\/04\/Kontakt-Tauchbasis.jpg\" \/>\n\t<meta property=\"og:image:width\" content=\"1500\" \/>\n\t<meta property=\"og:image:height\" content=\"1430\" \/>\n\t<meta property=\"og:image:type\" content=\"image\/jpeg\" \/>\n<meta name=\"twitter:card\" content=\"summary_large_image\" \/>\n<meta name=\"twitter:site\" content=\"@James_Mac_HRG\" \/>\n<script type=\"application\/ld+json\" class=\"yoast-schema-graph\">{\"@context\":\"https:\\\/\\\/schema.org\",\"@graph\":[{\"@type\":\"WebPage\",\"@id\":\"https:\\\/\\\/james-mac.com\\\/kontaktformular-danke\\\/\",\"url\":\"https:\\\/\\\/james-mac.com\\\/kontaktformular-danke\\\/\",\"name\":\"Kontaktformular Danke - James &amp; Mac Diving Center\",\"isPartOf\":{\"@id\":\"https:\\\/\\\/james-mac.com\\\/#website\"},\"primaryImageOfPage\":{\"@id\":\"https:\\\/\\\/james-mac.com\\\/kontaktformular-danke\\\/#primaryimage\"},\"image\":{\"@id\":\"https:\\\/\\\/james-mac.com\\\/kontaktformular-danke\\\/#primaryimage\"},\"thumbnailUrl\":\"https:\\\/\\\/james-mac.com\\\/wp-content\\\/uploads\\\/2020\\\/04\\\/Kontakt-Tauchbasis.jpg\",\"datePublished\":\"2020-03-30T09:02:08+00:00\",\"dateModified\":\"2020-08-18T15:55:45+00:00\",\"description\":\"Danke, dass du uns kontaktiert hast! Wir melden uns zeitnah bei dir! Bis dahin w\u00fcnschen wir dir einen sch\u00f6nen Tag und senden Gr\u00fc\u00dfe aus der Sonne!\",\"breadcrumb\":{\"@id\":\"https:\\\/\\\/james-mac.com\\\/kontaktformular-danke\\\/#breadcrumb\"},\"inLanguage\":\"en-GB\",\"potentialAction\":[{\"@type\":\"ReadAction\",\"target\":[\"https:\\\/\\\/james-mac.com\\\/kontaktformular-danke\\\/\"]}]},{\"@type\":\"ImageObject\",\"inLanguage\":\"en-GB\",\"@id\":\"https:\\\/\\\/james-mac.com\\\/kontaktformular-danke\\\/#primaryimage\",\"url\":\"https:\\\/\\\/james-mac.com\\\/wp-content\\\/uploads\\\/2020\\\/04\\\/Kontakt-Tauchbasis.jpg\",\"contentUrl\":\"https:\\\/\\\/james-mac.com\\\/wp-content\\\/uploads\\\/2020\\\/04\\\/Kontakt-Tauchbasis.jpg\",\"width\":1500,\"height\":1430,\"caption\":\"Foto: Envato Elements contact-us-concept-with-wood-block-and-symbols-4WPL3VD\"},{\"@type\":\"BreadcrumbList\",\"@id\":\"https:\\\/\\\/james-mac.com\\\/kontaktformular-danke\\\/#breadcrumb\",\"itemListElement\":[{\"@type\":\"ListItem\",\"position\":1,\"name\":\"Home\",\"item\":\"https:\\\/\\\/james-mac.com\\\/\"},{\"@type\":\"ListItem\",\"position\":2,\"name\":\"Kontaktformular Danke\"}]},{\"@type\":\"WebSite\",\"@id\":\"https:\\\/\\\/james-mac.com\\\/#website\",\"url\":\"https:\\\/\\\/james-mac.com\\\/\",\"name\":\"James &amp; Mac Diving Center\",\"description\":\"Red sea diving since 1987\",\"publisher\":{\"@id\":\"https:\\\/\\\/james-mac.com\\\/#organization\"},\"potentialAction\":[{\"@type\":\"SearchAction\",\"target\":{\"@type\":\"EntryPoint\",\"urlTemplate\":\"https:\\\/\\\/james-mac.com\\\/?s={search_term_string}\"},\"query-input\":{\"@type\":\"PropertyValueSpecification\",\"valueRequired\":true,\"valueName\":\"search_term_string\"}}],\"inLanguage\":\"en-GB\"},{\"@type\":\"Organization\",\"@id\":\"https:\\\/\\\/james-mac.com\\\/#organization\",\"name\":\"James & Mac\",\"url\":\"https:\\\/\\\/james-mac.com\\\/\",\"logo\":{\"@type\":\"ImageObject\",\"inLanguage\":\"en-GB\",\"@id\":\"https:\\\/\\\/james-mac.com\\\/#\\\/schema\\\/logo\\\/image\\\/\",\"url\":\"\",\"contentUrl\":\"\",\"caption\":\"James & Mac\"},\"image\":{\"@id\":\"https:\\\/\\\/james-mac.com\\\/#\\\/schema\\\/logo\\\/image\\\/\"},\"sameAs\":[\"https:\\\/\\\/www.facebook.com\\\/jamesandmac\\\/\",\"https:\\\/\\\/x.com\\\/James_Mac_HRG\",\"https:\\\/\\\/www.instagram.com\\\/jamesundmacdiving\\\/\",\"https:\\\/\\\/www.youtube.com\\\/user\\\/james1987mac\"]}]}<\/script>\n<!-- \/ Yoast SEO plugin. -->","yoast_head_json":{"title":"Kontaktformular Danke - James &amp; Mac Diving Center","description":"Danke, dass du uns kontaktiert hast! Wir melden uns zeitnah bei dir! Bis dahin w\u00fcnschen wir dir einen sch\u00f6nen Tag und senden Gr\u00fc\u00dfe aus der Sonne!","robots":{"index":"index","follow":"follow","max-snippet":"max-snippet:-1","max-image-preview":"max-image-preview:large","max-video-preview":"max-video-preview:-1"},"canonical":"https:\/\/james-mac.com\/en\/kontaktformular-danke\/","og_locale":"en_GB","og_type":"article","og_title":"Kontaktformular Danke - James &amp; Mac Diving Center","og_description":"Danke, dass du uns kontaktiert hast! Wir melden uns zeitnah bei dir! Bis dahin w\u00fcnschen wir dir einen sch\u00f6nen Tag und senden Gr\u00fc\u00dfe aus der Sonne!","og_url":"https:\/\/james-mac.com\/en\/kontaktformular-danke\/","og_site_name":"James &amp; Mac Diving Center","article_publisher":"https:\/\/www.facebook.com\/jamesandmac\/","article_modified_time":"2020-08-18T15:55:45+00:00","og_image":[{"width":1500,"height":1430,"url":"https:\/\/james-mac.com\/wp-content\/uploads\/2020\/04\/Kontakt-Tauchbasis.jpg","type":"image\/jpeg"}],"twitter_card":"summary_large_image","twitter_site":"@James_Mac_HRG","schema":{"@context":"https:\/\/schema.org","@graph":[{"@type":"WebPage","@id":"https:\/\/james-mac.com\/kontaktformular-danke\/","url":"https:\/\/james-mac.com\/kontaktformular-danke\/","name":"Kontaktformular Danke - James &amp; Mac Diving Center","isPartOf":{"@id":"https:\/\/james-mac.com\/#website"},"primaryImageOfPage":{"@id":"https:\/\/james-mac.com\/kontaktformular-danke\/#primaryimage"},"image":{"@id":"https:\/\/james-mac.com\/kontaktformular-danke\/#primaryimage"},"thumbnailUrl":"https:\/\/james-mac.com\/wp-content\/uploads\/2020\/04\/Kontakt-Tauchbasis.jpg","datePublished":"2020-03-30T09:02:08+00:00","dateModified":"2020-08-18T15:55:45+00:00","description":"Danke, dass du uns kontaktiert hast! Wir melden uns zeitnah bei dir! Bis dahin w\u00fcnschen wir dir einen sch\u00f6nen Tag und senden Gr\u00fc\u00dfe aus der Sonne!","breadcrumb":{"@id":"https:\/\/james-mac.com\/kontaktformular-danke\/#breadcrumb"},"inLanguage":"en-GB","potentialAction":[{"@type":"ReadAction","target":["https:\/\/james-mac.com\/kontaktformular-danke\/"]}]},{"@type":"ImageObject","inLanguage":"en-GB","@id":"https:\/\/james-mac.com\/kontaktformular-danke\/#primaryimage","url":"https:\/\/james-mac.com\/wp-content\/uploads\/2020\/04\/Kontakt-Tauchbasis.jpg","contentUrl":"https:\/\/james-mac.com\/wp-content\/uploads\/2020\/04\/Kontakt-Tauchbasis.jpg","width":1500,"height":1430,"caption":"Foto: Envato Elements contact-us-concept-with-wood-block-and-symbols-4WPL3VD"},{"@type":"BreadcrumbList","@id":"https:\/\/james-mac.com\/kontaktformular-danke\/#breadcrumb","itemListElement":[{"@type":"ListItem","position":1,"name":"Home","item":"https:\/\/james-mac.com\/"},{"@type":"ListItem","position":2,"name":"Kontaktformular Danke"}]},{"@type":"WebSite","@id":"https:\/\/james-mac.com\/#website","url":"https:\/\/james-mac.com\/","name":"James &amp; Mac Diving Center","description":"Red sea diving since 1987","publisher":{"@id":"https:\/\/james-mac.com\/#organization"},"potentialAction":[{"@type":"SearchAction","target":{"@type":"EntryPoint","urlTemplate":"https:\/\/james-mac.com\/?s={search_term_string}"},"query-input":{"@type":"PropertyValueSpecification","valueRequired":true,"valueName":"search_term_string"}}],"inLanguage":"en-GB"},{"@type":"Organization","@id":"https:\/\/james-mac.com\/#organization","name":"James &amp; Mac","url":"https:\/\/james-mac.com\/","logo":{"@type":"ImageObject","inLanguage":"en-GB","@id":"https:\/\/james-mac.com\/#\/schema\/logo\/image\/","url":"","contentUrl":"","caption":"James & Mac"},"image":{"@id":"https:\/\/james-mac.com\/#\/schema\/logo\/image\/"},"sameAs":["https:\/\/www.facebook.com\/jamesandmac\/","https:\/\/x.com\/James_Mac_HRG","https:\/\/www.instagram.com\/jamesundmacdiving\/","https:\/\/www.youtube.com\/user\/james1987mac"]}]}},"_links":{"self":[{"href":"https:\/\/james-mac.com\/en\/wp-json\/wp\/v2\/pages\/7952","targetHints":{"allow":["GET"]}}],"collection":[{"href":"https:\/\/james-mac.com\/en\/wp-json\/wp\/v2\/pages"}],"about":[{"href":"https:\/\/james-mac.com\/en\/wp-json\/wp\/v2\/types\/page"}],"author":[{"embeddable":true,"href":"https:\/\/james-mac.com\/en\/wp-json\/wp\/v2\/users\/1"}],"replies":[{"embeddable":true,"href":"https:\/\/james-mac.com\/en\/wp-json\/wp\/v2\/comments?post=7952"}],"version-history":[{"count":5,"href":"https:\/\/james-mac.com\/en\/wp-json\/wp\/v2\/pages\/7952\/revisions"}],"predecessor-version":[{"id":10205,"href":"https:\/\/james-mac.com\/en\/wp-json\/wp\/v2\/pages\/7952\/revisions\/10205"}],"wp:featuredmedia":[{"embeddable":true,"href":"https:\/\/james-mac.com\/en\/wp-json\/wp\/v2\/media\/8482"}],"wp:attachment":[{"href":"https:\/\/james-mac.com\/en\/wp-json\/wp\/v2\/media?parent=7952"}],"curies":[{"name":"wp","href":"https:\/\/api.w.org\/{rel}","templated":true}]}}